{"id":1210,"date":"2024-02-15T08:20:02","date_gmt":"2024-02-15T07:20:02","guid":{"rendered":"https:\/\/www.xn--derwscheladen-efb.at\/?page_id=1210"},"modified":"2026-02-21T14:53:42","modified_gmt":"2026-02-21T13:53:42","slug":"pflegeanleitung","status":"publish","type":"page","link":"https:\/\/www.derwaescheladen.at\/index.php\/pflegeanleitung\/","title":{"rendered":"Pflegeanleitung"},"content":{"rendered":"<div data-colibri-id=\"1210-c1\" class=\"style-552 style-local-1210-c1 position-relative\">\n  <!---->\n  <div data-colibri-component=\"section\" data-colibri-id=\"1210-c2\" id=\"features\" class=\"h-section h-section-global-spacing d-flex align-items-lg-center align-items-md-center align-items-center style-559 style-local-1210-c2 position-relative\">\n    <!---->\n    <!---->\n    <div class=\"h-section-grid-container h-section-boxed-container\">\n      <div data-colibri-id=\"1210-c18\" class=\"h-row-container gutters-row-lg-2 gutters-row-md-2 gutters-row-0 gutters-row-v-lg-2 gutters-row-v-md-2 gutters-row-v-2 style-584 style-local-1210-c18 position-relative\">\n        <!---->\n        <div class=\"h-row justify-content-lg-center justify-content-md-center justify-content-center align-items-lg-stretch align-items-md-stretch align-items-stretch gutters-col-lg-2 gutters-col-md-2 gutters-col-0 gutters-col-v-lg-2 gutters-col-v-md-2 gutters-col-v-2\">\n          <!---->\n          <div class=\"h-column h-column-container d-flex h-col-lg-auto h-col-md-auto h-col-auto style-585-outer style-local-1210-c19-outer\">\n            <div data-colibri-id=\"1210-c19\" class=\"d-flex h-flex-basis h-column__inner h-px-lg-2 h-px-md-2 h-px-2 v-inner-lg-2 v-inner-md-2 v-inner-2 style-585 style-local-1210-c19 position-relative\">\n              <!---->\n              <!---->\n              <div class=\"w-100 h-y-container h-column__content h-column__v-align flex-basis-100 align-self-lg-start align-self-md-start align-self-start\">\n                <!---->\n                <div data-colibri-id=\"1210-c20\" class=\"h-global-transition-all h-heading style-586 style-local-1210-c20 position-relative h-element\">\n                  <!---->\n                  <div class=\"h-heading__outer style-586 style-local-1210-c20\">\n                    <!---->\n                    <!---->\n                    <h2 class=\"\"><span style=\"color: rgb(255, 255, 255); font-size: 62%; font-family: &quot;Libre Baskerville&quot;;\">Unser Anliegen f\u00fcr eine sehr lange Lebensdauer deines Lieblings Bhs<\/span><\/h2>\n                  <\/div>\n                <\/div>\n                <div data-colibri-id=\"1210-c21\" class=\"h-lead h-text h-text-component style-587 style-local-1210-c21 position-relative h-element\">\n                  <!---->\n                  <!---->\n                  <div class=\"\">\n                    <ul>\n                      <li><span style=\"color: rgb(255, 255, 255); font-size: 120%;\">F\u00fcr eine sehr lange Lebensdauer pflege deinen BH gut<\/span><\/li>\n                      <li><span style=\"color: rgb(255, 255, 255); font-size: 120%;\">Damit er h\u00e4lt was er verspricht<\/span><\/li>\n                      <li><span style=\"color: rgb(255, 255, 255); font-size: 120%;\">Beachte die Pflegeanleitung:<\/span><\/li>\n                      <li class=\"ql-indent-1\"><span style=\"color: rgb(255, 255, 255); font-size: 120%;\">Pflegeetikett<\/span><\/li>\n                      <li class=\"ql-indent-1\"><span style=\"color: rgb(255, 255, 255); font-size: 120%;\">Haken verschlie\u00dfen<\/span><\/li>\n                      <li class=\"ql-indent-1\"><span style=\"color: rgb(255, 255, 255); font-size: 120%;\">Handw\u00e4sche bevorzugen<\/span><\/li>\n                    <\/ul>\n                  <\/div>\n                <\/div>\n              <\/div>\n            <\/div>\n          <\/div>\n        <\/div>\n      <\/div>\n      <div data-colibri-id=\"1210-c3\" class=\"h-row-container gutters-row-lg-0 gutters-row-md-0 gutters-row-0 gutters-row-v-lg-0 gutters-row-v-md-0 gutters-row-v-0 style-560 style-local-1210-c3 position-relative\">\n        <!---->\n        <div class=\"h-row justify-content-lg-center justify-content-md-center justify-content-center align-items-lg-stretch align-items-md-stretch align-items-stretch gutters-col-lg-0 gutters-col-md-0 gutters-col-0 gutters-col-v-lg-0 gutters-col-v-md-0 gutters-col-v-0\">\n          <!---->\n          <div class=\"h-column h-column-container d-flex h-col-lg-auto h-col-md-auto h-col-auto style-561-outer style-local-1210-c4-outer\">\n            <div data-colibri-id=\"1210-c4\" class=\"d-flex h-flex-basis h-column__inner h-ui-empty-state-container h-px-lg-0 h-px-md-0 h-px-0 v-inner-lg-0 v-inner-md-0 v-inner-0 style-561 style-local-1210-c4 position-relative\">\n              <!---->\n              <!---->\n              <div class=\"w-100 h-y-container h-column__content h-column__v-align flex-basis-100\">\n                <!---->\n              <\/div>\n            <\/div>\n          <\/div>\n          <div class=\"h-column h-column-container d-flex h-col-lg h-col-md h-col-auto style-562-outer style-local-1210-c5-outer\">\n            <div data-colibri-id=\"1210-c5\" class=\"d-flex h-flex-basis h-column__inner h-px-lg-3 h-px-md-3 h-px-3 v-inner-lg-3 v-inner-md-3 v-inner-3 style-562 style-local-1210-c5 position-relative\">\n              <!---->\n              <!---->\n              <div class=\"w-100 h-y-container h-column__content h-column__v-align flex-basis-100 align-self-lg-center align-self-md-center align-self-center\">\n                <!---->\n                <div data-colibri-id=\"1210-c6\" class=\"h-global-transition-all h-heading style-563 style-local-1210-c6 position-relative h-element\">\n                  <!---->\n                  <div class=\"h-heading__outer style-563 style-local-1210-c6\">\n                    <!---->\n                    <!---->\n                    <h3 class=\"\"><span style=\"font-family: &quot;Libre Baskerville&quot;;\">HANDW\u00c4SCHE<\/span><\/h3>\n                  <\/div>\n                <\/div>\n                <div data-colibri-id=\"1210-c7\" class=\"h-text h-text-component style-564 style-local-1210-c7 position-relative h-element\">\n                  <!---->\n                  <!---->\n                  <div class=\"\">\n                    <ul>\n                      <li>Lauwarmes Wasser mit geeigneten Feinwaschmittel in das Sp\u00fclbecken geben.<\/li>\n                      <li>Einige Minuten einweichen lassen, nicht rubbeln oder kneten.<\/li>\n                      <li>Mit k\u00fchlerem Wasser aussp\u00fclen.<\/li>\n                      <li>Wenn n\u00f6tig, Vorgang wiederholen.<\/li>\n                    <\/ul>\n                    <p>\n                      <br>\n                    <\/p>\n                  <\/div>\n                <\/div>\n              <\/div>\n            <\/div>\n          <\/div>\n        <\/div>\n      <\/div>\n      <div data-colibri-id=\"1210-c8\" class=\"h-row-container gutters-row-lg-0 gutters-row-md-0 gutters-row-0 gutters-row-v-lg-0 gutters-row-v-md-0 gutters-row-v-0 style-560 style-local-1210-c8 position-relative\">\n        <!---->\n        <div class=\"h-row justify-content-lg-center justify-content-md-center justify-content-center align-items-lg-stretch align-items-md-stretch align-items-stretch gutters-col-lg-0 gutters-col-md-0 gutters-col-0 gutters-col-v-lg-0 gutters-col-v-md-0 gutters-col-v-0\">\n          <!---->\n          <div class=\"h-column h-column-container d-flex h-col-lg-auto h-col-md-auto h-col-auto style-569-outer style-local-1210-c9-outer\">\n            <div data-colibri-id=\"1210-c9\" class=\"d-flex h-flex-basis h-column__inner h-ui-empty-state-container h-px-lg-0 h-px-md-0 h-px-0 v-inner-lg-0 v-inner-md-0 v-inner-0 style-569 style-local-1210-c9 position-relative\">\n              <!---->\n              <!---->\n              <div class=\"w-100 h-y-container h-column__content h-column__v-align flex-basis-100\">\n                <!---->\n              <\/div>\n            <\/div>\n          <\/div>\n          <div class=\"h-column h-column-container d-flex h-col-lg h-col-md h-col-auto style-570-outer style-local-1210-c10-outer\">\n            <div data-colibri-id=\"1210-c10\" class=\"d-flex h-flex-basis h-column__inner h-px-lg-3 h-px-md-3 h-px-3 v-inner-lg-3 v-inner-md-3 v-inner-3 style-570 style-local-1210-c10 position-relative\">\n              <!---->\n              <!---->\n              <div class=\"w-100 h-y-container h-column__content h-column__v-align flex-basis-100 align-self-lg-center align-self-md-center align-self-center\">\n                <!---->\n                <div data-colibri-id=\"1210-c11\" class=\"h-global-transition-all h-heading style-571 style-local-1210-c11 position-relative h-element\">\n                  <!---->\n                  <div class=\"h-heading__outer style-571 style-local-1210-c11\">\n                    <!---->\n                    <!---->\n                    <h3 class=\"\"><span style=\"font-family: &quot;Libre Baskerville&quot;;\">MASCHIENENW\u00c4SCHE<\/span><\/h3>\n                  <\/div>\n                <\/div>\n                <div data-colibri-id=\"1210-c12\" class=\"h-text h-text-component style-572 style-local-1210-c12 position-relative h-element\">\n                  <!---->\n                  <!---->\n                  <div class=\"\">\n                    <ul>\n                      <li>W\u00e4schenetz verwenden<\/li>\n                      <li>Schonwaschgang mit max. 30\u00b0 Grad und geeigneten Feinwaschmittel verwenden.<\/li>\n                      <li>Mit wenig W\u00e4sche bzw. schwerer W\u00e4sche z.B Handt\u00fccher waschen.<\/li>\n                    <\/ul>\n                  <\/div>\n                <\/div>\n              <\/div>\n            <\/div>\n          <\/div>\n        <\/div>\n      <\/div>\n      <div data-colibri-id=\"1210-c13\" class=\"h-row-container gutters-row-lg-0 gutters-row-md-0 gutters-row-0 gutters-row-v-lg-0 gutters-row-v-md-0 gutters-row-v-0 style-576 style-local-1210-c13 position-relative\">\n        <!---->\n        <div class=\"h-row justify-content-lg-center justify-content-md-center justify-content-center align-items-lg-stretch align-items-md-stretch align-items-stretch gutters-col-lg-0 gutters-col-md-0 gutters-col-0 gutters-col-v-lg-0 gutters-col-v-md-0 gutters-col-v-0\">\n          <!---->\n          <div class=\"h-column h-column-container d-flex h-col-lg-auto h-col-md-auto h-col-auto style-577-outer style-local-1210-c14-outer\">\n            <div data-colibri-id=\"1210-c14\" class=\"d-flex h-flex-basis h-column__inner h-ui-empty-state-container h-px-lg-0 h-px-md-0 h-px-0 v-inner-lg-0 v-inner-md-0 v-inner-0 style-577 style-local-1210-c14 position-relative\">\n              <!---->\n              <!---->\n              <div class=\"w-100 h-y-container h-column__content h-column__v-align flex-basis-100\">\n                <!---->\n              <\/div>\n            <\/div>\n          <\/div>\n          <div class=\"h-column h-column-container d-flex h-col-lg h-col-md h-col-auto style-578-outer style-local-1210-c15-outer\">\n            <div data-colibri-id=\"1210-c15\" class=\"d-flex h-flex-basis h-column__inner h-px-lg-3 h-px-md-0 h-px-3 v-inner-lg-3 v-inner-md-0 v-inner-3 style-578 style-local-1210-c15 position-relative\">\n              <!---->\n              <!---->\n              <div class=\"w-100 h-y-container h-column__content h-column__v-align flex-basis-100 align-self-lg-center align-self-md-center align-self-center\">\n                <!---->\n                <div data-colibri-id=\"1210-c16\" class=\"h-global-transition-all h-heading style-579 style-local-1210-c16 position-relative h-element\">\n                  <!---->\n                  <div class=\"h-heading__outer style-579 style-local-1210-c16\">\n                    <!---->\n                    <!---->\n                    <h3 class=\"\"><span style=\"font-family: &quot;Libre Baskerville&quot;;\">TROCKNEN<\/span><\/h3>\n                  <\/div>\n                <\/div>\n                <div data-colibri-id=\"1210-c17\" class=\"h-text h-text-component style-580 style-local-1210-c17 position-relative h-element\">\n                  <!---->\n                  <!---->\n                  <div class=\"\">\n                    <ul>\n                      <li>Lufttrocknen<\/li>\n                      <li>Auf ein Handtuch mit den Cup nach oben legen.<\/li>\n                      <li>Wenn n\u00f6tig in Form bringen, kein rubbeln oder kneten.<\/li>\n                      <li>Kein direktes Sonnenlicht und nicht auf einen Heizk\u00f6rper trocknen.<\/li>\n                    <\/ul>\n                  <\/div>\n                <\/div>\n              <\/div>\n            <\/div>\n          <\/div>\n        <\/div>\n      <\/div>\n    <\/div>\n  <\/div>\n<\/div>","protected":false},"excerpt":{"rendered":"<p>Unser Anliegen f\u00fcr eine sehr lange Lebensdauer deines Lieblings Bhs F\u00fcr eine sehr lange Lebensdauer pflege deinen BH gut Damit er h\u00e4lt was er verspricht Beachte die Pflegeanleitung: Pflegeetikett Haken verschlie\u00dfen Handw\u00e4sche bevorzugen HANDW\u00c4SCHE Lauwarmes Wasser mit geeigneten Feinwaschmittel in das Sp\u00fclbecken geben. Einige Minuten einweichen lassen, nicht rubbeln oder kneten. Mit k\u00fchlerem Wasser aussp\u00fclen. [&hellip;]<\/p>\n","protected":false},"author":1,"featured_media":0,"parent":0,"menu_order":0,"comment_status":"closed","ping_status":"closed","template":"page-templates\/full-width-page.php","meta":{"footnotes":""},"class_list":["post-1210","page","type-page","status-publish","hentry"],"_links":{"self":[{"href":"https:\/\/www.derwaescheladen.at\/index.php\/wp-json\/wp\/v2\/pages\/1210","targetHints":{"allow":["GET"]}}],"collection":[{"href":"https:\/\/www.derwaescheladen.at\/index.php\/wp-json\/wp\/v2\/pages"}],"about":[{"href":"https:\/\/www.derwaescheladen.at\/index.php\/wp-json\/wp\/v2\/types\/page"}],"author":[{"embeddable":true,"href":"https:\/\/www.derwaescheladen.at\/index.php\/wp-json\/wp\/v2\/users\/1"}],"replies":[{"embeddable":true,"href":"https:\/\/www.derwaescheladen.at\/index.php\/wp-json\/wp\/v2\/comments?post=1210"}],"version-history":[{"count":14,"href":"https:\/\/www.derwaescheladen.at\/index.php\/wp-json\/wp\/v2\/pages\/1210\/revisions"}],"predecessor-version":[{"id":2668,"href":"https:\/\/www.derwaescheladen.at\/index.php\/wp-json\/wp\/v2\/pages\/1210\/revisions\/2668"}],"wp:attachment":[{"href":"https:\/\/www.derwaescheladen.at\/index.php\/wp-json\/wp\/v2\/media?parent=1210"}],"curies":[{"name":"wp","href":"https:\/\/api.w.org\/{rel}","templated":true}]}}