{"id":148,"date":"2023-06-22T20:10:16","date_gmt":"2023-06-22T18:10:16","guid":{"rendered":"https:\/\/www.xn--derwscheladen-efb.at\/?page_id=148"},"modified":"2026-03-02T17:31:27","modified_gmt":"2026-03-02T16:31:27","slug":"startseite","status":"publish","type":"page","link":"https:\/\/www.derwaescheladen.at\/","title":{"rendered":"Startseite"},"content":{"rendered":"<div data-colibri-id=\"148-c1\" class=\"style-216 style-local-148-c1 position-relative\">\n  <!---->\n  <div data-colibri-component=\"section\" data-colibri-id=\"148-c2\" id=\"about\" class=\"h-section h-section-global-spacing d-flex align-items-lg-center align-items-md-center align-items-center style-218 style-local-148-c2 position-relative\">\n    <!---->\n    <!---->\n    <div class=\"h-section-grid-container h-section-boxed-container\">\n      <!---->\n      <div data-colibri-id=\"148-c3\" class=\"h-row-container gutters-row-lg-0 gutters-row-md-0 gutters-row-0 gutters-row-v-lg-0 gutters-row-v-md-0 gutters-row-v-0 style-219 style-local-148-c3 position-relative\">\n        <!---->\n        <div class=\"h-row justify-content-lg-center justify-content-md-center justify-content-center align-items-lg-stretch align-items-md-stretch align-items-stretch gutters-col-lg-0 gutters-col-md-0 gutters-col-0 gutters-col-v-lg-0 gutters-col-v-md-0 gutters-col-v-0\">\n          <!---->\n          <div class=\"h-column h-column-container d-flex h-col-lg-auto h-col-md-auto h-col-auto style-220-outer style-local-148-c4-outer\">\n            <div data-colibri-id=\"148-c4\" class=\"d-flex h-flex-basis h-column__inner h-px-lg-0 h-px-md-0 h-px-0 v-inner-lg-0 v-inner-md-0 v-inner-0 style-220 style-local-148-c4 position-relative\">\n              <!---->\n              <!---->\n              <div class=\"w-100 h-y-container h-column__content h-column__v-align flex-basis-100 align-self-lg-start align-self-md-start align-self-start\">\n                <!---->\n                <div data-colibri-id=\"148-c5\" class=\"h-global-transition-all h-heading style-222 style-local-148-c5 position-relative h-element\">\n                  <!---->\n                  <div class=\"h-heading__outer style-222 style-local-148-c5\">\n                    <!---->\n                    <!---->\n                    <h2 class=\"\"><span style=\"font-family: &quot;Libre Baskerville&quot;;\">DER<br>W\u00e4scheladen mit<br>pers\u00f6nlicher<br>Beratung<\/span><\/h2>\n                  <\/div>\n                <\/div>\n                <div data-colibri-id=\"148-c6\" class=\"h-text h-text-component style-223 style-local-148-c6 position-relative h-element\">\n                  <!---->\n                  <!---->\n                  <div class=\"\">\n                    <p>Beratungstermin nach Vereinbarung\ud83d\udcde<\/p>\n                  <\/div>\n                <\/div>\n                <div data-colibri-id=\"148-c7\" class=\"h-x-container style-228 style-local-148-c7 position-relative h-element\">\n                  <!---->\n                  <div class=\"h-x-container-inner style-dynamic-148-c7-group style-228-spacing style-local-148-c7-spacing\"><span class=\"h-button__outer style-229-outer style-local-148-c8-outer d-inline-flex h-element\"><a h-use-smooth-scroll=\"true\" href=\"https:\/\/www.derwaescheladen.at\/index.php\/kontakt\/\"  data-colibri-id=\"148-c8\" class=\"d-flex w-100 align-items-center h-button justify-content-lg-center justify-content-md-center justify-content-center style-229 style-local-148-c8 position-relative\"><!----><!----> <span>KONTAKT<\/span><\/a>\n                    <\/span>\n                  <\/div>\n                <\/div>\n              <\/div>\n            <\/div>\n          <\/div>\n          <div class=\"h-column h-column-container d-flex h-col-lg-auto h-col-md-auto h-col-auto style-224-outer style-local-148-c9-outer\">\n            <div data-colibri-id=\"148-c9\" class=\"d-flex h-flex-basis h-column__inner h-px-lg-0 h-px-md-0 h-px-0 v-inner-lg-0 v-inner-md-0 v-inner-0 style-224 style-local-148-c9 position-relative\">\n              <!---->\n              <!---->\n              <div class=\"w-100 h-y-container h-column__content h-column__v-align flex-basis-100 align-self-lg-center align-self-md-center align-self-start\">\n                <!---->\n                <div data-colibri-id=\"148-c10\" class=\"d-block style-227 style-local-148-c10 position-relative h-element\">\n                  <!---->\n                  <div class=\"h-image__frame-container-outer\">\n                    <div class=\"h-image__frame-container\">\n                      <!---->\n                      <!---->\n                      <img decoding=\"async\" width=\"907\" height=\"764\" data-src=\"https:\/\/www.derwaescheladen.at\/wp-content\/uploads\/2023\/06\/DerWaescheladenmitperoenlicherBerattung.png\" class=\"wp-image-7 style-227-image style-local-148-c10-image lazyload\" alt=\"\" src=\"data:image\/svg+xml;base64,PHN2ZyB3aWR0aD0iMSIgaGVpZ2h0PSIxIiB4bWxucz0iaHR0cDovL3d3dy53My5vcmcvMjAwMC9zdmciPjwvc3ZnPg==\" style=\"--smush-placeholder-width: 907px; --smush-placeholder-aspect-ratio: 907\/764;\" \/>\n                      <div class=\"h-image__frame h-hide-lg h-hide-md h-hide-sm style-227-frameImage style-local-148-c10-frameImage\"><\/div>\n                    <\/div>\n                  <\/div>\n                <\/div>\n              <\/div>\n            <\/div>\n          <\/div>\n        <\/div>\n      <\/div>\n    <\/div>\n  <\/div>\n  <div data-colibri-component=\"section\" data-colibri-id=\"148-c11\" id=\"custom\" class=\"h-section h-section-global-spacing d-flex align-items-lg-center align-items-md-center align-items-center style-249 style-local-148-c11 position-relative\">\n    <!---->\n    <!---->\n    <div class=\"h-section-grid-container h-section-boxed-container\">\n      <!---->\n      <div data-colibri-id=\"148-c12\" class=\"h-row-container gutters-row-lg-2 gutters-row-md-2 gutters-row-0 gutters-row-v-lg-2 gutters-row-v-md-2 gutters-row-v-2 style-250 style-local-148-c12 position-relative\">\n        <!---->\n        <div class=\"h-row justify-content-lg-center justify-content-md-center justify-content-center align-items-lg-stretch align-items-md-stretch align-items-stretch gutters-col-lg-2 gutters-col-md-2 gutters-col-0 gutters-col-v-lg-2 gutters-col-v-md-2 gutters-col-v-2\">\n          <!---->\n          <div class=\"h-column h-column-container d-flex h-col-lg-auto h-col-md-auto h-col-auto style-251-outer style-local-148-c13-outer\">\n            <div data-colibri-id=\"148-c13\" class=\"d-flex h-flex-basis h-column__inner h-px-lg-2 h-px-md-2 h-px-2 v-inner-lg-2 v-inner-md-2 v-inner-2 style-251 style-local-148-c13 position-relative\">\n              <!---->\n              <!---->\n              <div class=\"w-100 h-y-container h-column__content h-column__v-align flex-basis-100 align-self-lg-start align-self-md-start align-self-start\">\n                <!---->\n                <div data-colibri-id=\"148-c14\" class=\"h-row-container gutters-row-lg-2 gutters-row-md-2 gutters-row-0 gutters-row-v-lg-2 gutters-row-v-md-2 gutters-row-v-2 style-252 style-local-148-c14 position-relative\">\n                  <!---->\n                  <div class=\"h-row justify-content-lg-center justify-content-md-center justify-content-center align-items-lg-stretch align-items-md-stretch align-items-stretch gutters-col-lg-2 gutters-col-md-2 gutters-col-0 gutters-col-v-lg-2 gutters-col-v-md-2 gutters-col-v-2\">\n                    <!---->\n                    <div class=\"h-column h-column-container d-flex h-col-lg-auto h-col-md-auto h-col-auto style-253-outer style-local-148-c15-outer\">\n                      <div data-colibri-id=\"148-c15\" class=\"d-flex h-flex-basis h-column__inner h-px-lg-2 h-px-md-2 h-px-2 v-inner-lg-2 v-inner-md-2 v-inner-2 style-253 style-local-148-c15 position-relative\">\n                        <!---->\n                        <!---->\n                        <div class=\"w-100 h-y-container h-column__content h-column__v-align flex-basis-100 align-self-lg-start align-self-md-start align-self-start\">\n                          <!---->\n                          <div data-colibri-id=\"148-c16\" class=\"h-text h-text-component style-523 style-local-148-c16 position-relative h-element\">\n                            <!---->\n                            <!---->\n                            <div class=\"\">\n                              <p><span style=\"font-size: 125%; font-family: &quot;Libre Baskerville&quot;; color: rgb(255, 255, 255);\">Sch\u00f6nheit ist, was von der Norm abweicht. In seiner Einzigartigkeit ist jeder sch\u00f6n.<\/span><\/p>\n                            <\/div>\n                          <\/div>\n                        <\/div>\n                      <\/div>\n                    <\/div>\n                    <div class=\"h-column h-column-container d-flex h-col-lg-auto h-col-md-auto h-col-auto style-254-outer style-local-148-c17-outer\">\n                      <div data-colibri-id=\"148-c17\" class=\"d-flex h-flex-basis h-column__inner h-px-lg-2 h-px-md-2 h-px-2 v-inner-lg-2 v-inner-md-2 v-inner-2 style-254 style-local-148-c17 position-relative\">\n                        <!---->\n                        <!---->\n                        <div class=\"w-100 h-y-container h-column__content h-column__v-align flex-basis-100 align-self-lg-start align-self-md-start align-self-start\">\n                          <!---->\n                          <div data-colibri-id=\"148-c18\" class=\"h-text h-text-component style-523 style-local-148-c18 position-relative h-element\">\n                            <!---->\n                            <!---->\n                            <div class=\"\">\n                              <p><span style=\"font-size: 125%; font-family: &quot;Libre Baskerville&quot;; color: rgb(255, 255, 255);\">Es geht nicht um die Gr\u00f6\u00dfe die du tr\u00e4gst sondern um die Art, wie du sie tr\u00e4gst.<\/span><\/p>\n                            <\/div>\n                          <\/div>\n                        <\/div>\n                      <\/div>\n                    <\/div>\n                    <div class=\"h-column h-column-container d-flex h-col-lg-auto h-col-md-auto h-col-auto style-255-outer style-local-148-c19-outer\">\n                      <div data-colibri-id=\"148-c19\" class=\"d-flex h-flex-basis h-column__inner h-px-lg-2 h-px-md-2 h-px-2 v-inner-lg-2 v-inner-md-2 v-inner-2 style-255 style-local-148-c19 position-relative\">\n                        <!---->\n                        <!---->\n                        <div class=\"w-100 h-y-container h-column__content h-column__v-align flex-basis-100 align-self-lg-start align-self-md-start align-self-start\">\n                          <!---->\n                          <div data-colibri-id=\"148-c20\" class=\"h-text h-text-component style-525 style-local-148-c20 position-relative h-element\">\n                            <!---->\n                            <!---->\n                            <div class=\"\">\n                              <p><span style=\"font-family: &quot;Libre Baskerville&quot;; font-size: 125%; color: rgb(255, 255, 255);\">Eine Frau w\u00e4hlt ihren BH mit den Auge aber kauft ihn erst wenn er sehr gut sitzt.<\/span><\/p>\n                            <\/div>\n                          <\/div>\n                        <\/div>\n                      <\/div>\n                    <\/div>\n                    <div class=\"h-column h-column-container d-flex h-col-lg-auto h-col-md-auto h-col-auto style-256-outer style-local-148-c21-outer\">\n                      <div data-colibri-id=\"148-c21\" class=\"d-flex h-flex-basis h-column__inner h-px-lg-2 h-px-md-2 h-px-2 v-inner-lg-2 v-inner-md-2 v-inner-2 style-256 style-local-148-c21 position-relative\">\n                        <!---->\n                        <!---->\n                        <div class=\"w-100 h-y-container h-column__content h-column__v-align flex-basis-100 align-self-lg-start align-self-md-start align-self-start\">\n                          <!---->\n                          <div data-colibri-id=\"148-c22\" class=\"h-text h-text-component style-526 style-local-148-c22 position-relative h-element\">\n                            <!---->\n                            <!---->\n                            <div class=\"\">\n                              <p><span style=\"font-size: 125%; font-family: &quot;Libre Baskerville&quot;; color: rgb(255, 255, 255);\">Alles was du brauchst ist, Selbstvertrauen und perfekt sitzende Unterw\u00e4sche.<\/span><\/p>\n                            <\/div>\n                          <\/div>\n                        <\/div>\n                      <\/div>\n                    <\/div>\n                  <\/div>\n                <\/div>\n              <\/div>\n            <\/div>\n          <\/div>\n        <\/div>\n      <\/div>\n    <\/div>\n  <\/div>\n<\/div>","protected":false},"excerpt":{"rendered":"<p>DERW\u00e4scheladen mitpers\u00f6nlicherBeratung Beratungstermin nach Vereinbarung\ud83d\udcde KONTAKT Sch\u00f6nheit ist, was von der Norm abweicht. In seiner Einzigartigkeit ist jeder sch\u00f6n. Es geht nicht um die Gr\u00f6\u00dfe die du tr\u00e4gst sondern um die Art, wie du sie tr\u00e4gst. Eine Frau w\u00e4hlt ihren BH mit den Auge aber kauft ihn erst wenn er sehr gut sitzt. Alles was [&hellip;]<\/p>\n","protected":false},"author":1,"featured_media":0,"parent":0,"menu_order":0,"comment_status":"closed","ping_status":"closed","template":"page-templates\/full-width-page.php","meta":{"footnotes":""},"class_list":["post-148","page","type-page","status-publish","hentry"],"_links":{"self":[{"href":"https:\/\/www.derwaescheladen.at\/index.php\/wp-json\/wp\/v2\/pages\/148","targetHints":{"allow":["GET"]}}],"collection":[{"href":"https:\/\/www.derwaescheladen.at\/index.php\/wp-json\/wp\/v2\/pages"}],"about":[{"href":"https:\/\/www.derwaescheladen.at\/index.php\/wp-json\/wp\/v2\/types\/page"}],"author":[{"embeddable":true,"href":"https:\/\/www.derwaescheladen.at\/index.php\/wp-json\/wp\/v2\/users\/1"}],"replies":[{"embeddable":true,"href":"https:\/\/www.derwaescheladen.at\/index.php\/wp-json\/wp\/v2\/comments?post=148"}],"version-history":[{"count":20,"href":"https:\/\/www.derwaescheladen.at\/index.php\/wp-json\/wp\/v2\/pages\/148\/revisions"}],"predecessor-version":[{"id":2786,"href":"https:\/\/www.derwaescheladen.at\/index.php\/wp-json\/wp\/v2\/pages\/148\/revisions\/2786"}],"wp:attachment":[{"href":"https:\/\/www.derwaescheladen.at\/index.php\/wp-json\/wp\/v2\/media?parent=148"}],"curies":[{"name":"wp","href":"https:\/\/api.w.org\/{rel}","templated":true}]}}